{"id":20769,"date":"2025-11-18T11:43:11","date_gmt":"2025-11-18T10:43:11","guid":{"rendered":"https:\/\/elalmacendeloza.com\/sin%20categor\u00eda\/tirache-vasos\/"},"modified":"2026-04-20T11:58:18","modified_gmt":"2026-04-20T09:58:18","slug":"tirache-vasos","status":"publish","type":"product","link":"https:\/\/elalmacendeloza.com\/en\/glassware\/low-glass\/tirache-vasos\/","title":{"rendered":"Tirache- Vasos"},"content":{"rendered":"<div class=\"container-description\">\n<div class=\"description\">\n<h3 class=\"title-description\"> Tirache &#8211; Vaso <\/h3>\n<p> Los vasos de la conocida marca italiana Zafferano, son el complemento ideal para decorar la mesa con sugerentes colores. La calidad de la artesan\u00eda del vidrio soplado, combinada con el dise\u00f1o italiano, da valor a estas colecciones. Cada pieza est\u00e1 realizada a mano y  firmada, garantizando la originalidad del producto <\/p>\n<p>Material: vidrio soplado<\/p>\n<p>Capacidad: 32 cl <\/p>\n<p>Medidas:  A 109 mm | \u00f8 71 mm <\/p>\n<\/p><\/div>\n<div class=\"square\">\n<h3 class=\"title-description\">Cuidados<\/h3>\n<ul class=\"ul-square\">\n<li class=\"li-square\">Apto para lavaplatos a 60\u00baC <\/li>\n<li class=\"li-square\"> No apto para microondas<\/li>\n<\/ul><\/div>\n<\/div>\n","protected":false},"excerpt":{"rendered":"<p>Vasos italianos Zafferano<\/p>\n","protected":false},"featured_media":20770,"comment_status":"open","ping_status":"closed","template":"","meta":[],"product_brand":[],"product_cat":[104],"product_tag":[],"class_list":{"0":"post-20769","1":"product","2":"type-product","3":"status-publish","4":"has-post-thumbnail","6":"product_cat-vaso-bajo","7":"pa_brand-zafferano","8":"pa_color-aguamarina-verde","9":"pa_color-ambar","10":"pa_color-azul-marron","11":"pa_color-gris","12":"pa_color-marino","13":"pa_color-morado","14":"pa_color-turquesa","15":"pa_color-verde","16":"pa_tamano-unico","18":"first","19":"instock","20":"taxable","21":"shipping-taxable","22":"purchasable","23":"product-type-variable"},"_links":{"self":[{"href":"https:\/\/elalmacendeloza.com\/en\/wp-json\/wp\/v2\/product\/20769","targetHints":{"allow":["GET"]}}],"collection":[{"href":"https:\/\/elalmacendeloza.com\/en\/wp-json\/wp\/v2\/product"}],"about":[{"href":"https:\/\/elalmacendeloza.com\/en\/wp-json\/wp\/v2\/types\/product"}],"replies":[{"embeddable":true,"href":"https:\/\/elalmacendeloza.com\/en\/wp-json\/wp\/v2\/comments?post=20769"}],"wp:featuredmedia":[{"embeddable":true,"href":"https:\/\/elalmacendeloza.com\/en\/wp-json\/wp\/v2\/media\/20770"}],"wp:attachment":[{"href":"https:\/\/elalmacendeloza.com\/en\/wp-json\/wp\/v2\/media?parent=20769"}],"wp:term":[{"taxonomy":"product_brand","embeddable":true,"href":"https:\/\/elalmacendeloza.com\/en\/wp-json\/wp\/v2\/product_brand?post=20769"},{"taxonomy":"product_cat","embeddable":true,"href":"https:\/\/elalmacendeloza.com\/en\/wp-json\/wp\/v2\/product_cat?post=20769"},{"taxonomy":"product_tag","embeddable":true,"href":"https:\/\/elalmacendeloza.com\/en\/wp-json\/wp\/v2\/product_tag?post=20769"}],"curies":[{"name":"wp","href":"https:\/\/api.w.org\/{rel}","templated":true}]}}