{"id":20808,"date":"2025-11-18T11:44:12","date_gmt":"2025-11-18T10:44:12","guid":{"rendered":"https:\/\/elalmacendeloza.com\/sin%20categor\u00eda\/bola-navidad-papel-mache-7-cm\/"},"modified":"2026-01-24T13:34:50","modified_gmt":"2026-01-24T12:34:50","slug":"bola-navidad-papel-mache-7-cm","status":"publish","type":"product","link":"https:\/\/elalmacendeloza.com\/en\/sales\/bola-navidad-papel-mache-7-cm\/","title":{"rendered":"Bola navidad papel mach\u00e9  7 cm"},"content":{"rendered":"<div class=\"container-description\">\n<div class=\"description\">\n<h3 class=\"title-description\"> Bolas de navidad papel mach\u00e9   <\/h3>\n<p>Porque poner el \u00e1rbol todos los a\u00f1os igual acaba cansando, hay navidades que apetece innovar y colgar del \u00e1rbol de navidad casi obras de arte. Como estas bolas navide\u00f1as realizadas a mano con papel mach\u00e9. Est\u00e1n disponibles con varios dibujos y en 2 tama\u00f1os.<\/p>\n<h3 class=\"title-description\"> Caracter\u00edsticas:  <\/h3>\n<p> Medida: D7cm <\/p>\n<p>Material: Papel mach\u00e9 pintado<\/p>\n<\/p><\/div>\n<div class=\"square\">\n<h3 class=\"title-description\">Cuidados<\/h3>\n<ul class=\"ul-square\">\n<li class=\"li-square\"> Limpiar con un pa\u00f1o h\u00famedo<\/li>\n<\/ul><\/div>\n<\/div>\n","protected":false},"excerpt":{"rendered":"<p>Hecho a mano con papel mach\u00e9\u00a0<\/p>\n","protected":false},"featured_media":20809,"comment_status":"open","ping_status":"closed","template":"","meta":[],"product_brand":[],"product_cat":[575],"product_tag":[],"class_list":{"0":"post-20808","1":"product","2":"type-product","3":"status-publish","4":"has-post-thumbnail","6":"product_cat-rebajas","7":"pa_brand-bungalow","8":"pa_sa_dibujo-camelia","9":"pa_sa_dibujo-estrella","10":"pa_sa_dibujo-flores","11":"pa_sa_dibujo-mariposa","12":"pa_tamano-7cm","14":"first","15":"instock","16":"sale","17":"taxable","18":"shipping-taxable","19":"purchasable","20":"product-type-variable"},"_links":{"self":[{"href":"https:\/\/elalmacendeloza.com\/en\/wp-json\/wp\/v2\/product\/20808","targetHints":{"allow":["GET"]}}],"collection":[{"href":"https:\/\/elalmacendeloza.com\/en\/wp-json\/wp\/v2\/product"}],"about":[{"href":"https:\/\/elalmacendeloza.com\/en\/wp-json\/wp\/v2\/types\/product"}],"replies":[{"embeddable":true,"href":"https:\/\/elalmacendeloza.com\/en\/wp-json\/wp\/v2\/comments?post=20808"}],"wp:featuredmedia":[{"embeddable":true,"href":"https:\/\/elalmacendeloza.com\/en\/wp-json\/wp\/v2\/media\/20809"}],"wp:attachment":[{"href":"https:\/\/elalmacendeloza.com\/en\/wp-json\/wp\/v2\/media?parent=20808"}],"wp:term":[{"taxonomy":"product_brand","embeddable":true,"href":"https:\/\/elalmacendeloza.com\/en\/wp-json\/wp\/v2\/product_brand?post=20808"},{"taxonomy":"product_cat","embeddable":true,"href":"https:\/\/elalmacendeloza.com\/en\/wp-json\/wp\/v2\/product_cat?post=20808"},{"taxonomy":"product_tag","embeddable":true,"href":"https:\/\/elalmacendeloza.com\/en\/wp-json\/wp\/v2\/product_tag?post=20808"}],"curies":[{"name":"wp","href":"https:\/\/api.w.org\/{rel}","templated":true}]}}