{"id":20831,"date":"2025-11-18T11:46:17","date_gmt":"2025-11-18T10:46:17","guid":{"rendered":"https:\/\/elalmacendeloza.com\/sin%20categor\u00eda\/guirnalda-hojitas-doradas-90cm\/"},"modified":"2026-01-12T18:22:49","modified_gmt":"2026-01-12T17:22:49","slug":"guirnalda-hojitas-doradas-90cm","status":"publish","type":"product","link":"https:\/\/elalmacendeloza.com\/en\/sales\/guirnalda-hojitas-doradas-90cm\/","title":{"rendered":"Guirnalda hojitas doradas 90cm"},"content":{"rendered":"<div class=\"container-description\">\n<div class=\"description\">\n<h3 class=\"title-description\"> Guirnlada hojitas doradas 90cm   <\/h3>\n<p>Porque poner el \u00e1rbol todos los a\u00f1os igual acaba cansando, hay navidades que apetece innovar el look del arb\u00f3l o de nuestra mesas o estanter\u00edas. Con esta elegante y fina guirnalda de laton dorado con hojitas, tu decoraci\u00f3n esta navidad ser\u00e1 mucha m\u00e1s elegante y sofisticada. Tambi\u00e9n se puede usar como centro de mesa.<\/p>\n<h3 class=\"title-description\"> Caracter\u00edsticas:  <\/h3>\n<p> Medida: 90cm <\/p>\n<p>Material: lat\u00f3n<\/p>\n<\/p><\/div>\n<div class=\"square\">\n<h3 class=\"title-description\">Cuidados<\/h3>\n<ul class=\"ul-square\">\n<li class=\"li-square\"> Limpiar con un pa\u00f1o h\u00famedo<\/li>\n<\/ul><\/div>\n<\/div>\n","protected":false},"excerpt":{"rendered":"<p>90cm<\/p>\n","protected":false},"featured_media":20832,"comment_status":"open","ping_status":"closed","template":"","meta":[],"product_brand":[],"product_cat":[575],"product_tag":[],"class_list":{"0":"post-20831","1":"product","2":"type-product","3":"status-publish","4":"has-post-thumbnail","6":"product_cat-rebajas","7":"pa_brand-bungalow","8":"pa_color-dorado","9":"pa_tamano-90cm","11":"first","12":"instock","13":"sale","14":"taxable","15":"shipping-taxable","16":"purchasable","17":"product-type-simple"},"_links":{"self":[{"href":"https:\/\/elalmacendeloza.com\/en\/wp-json\/wp\/v2\/product\/20831","targetHints":{"allow":["GET"]}}],"collection":[{"href":"https:\/\/elalmacendeloza.com\/en\/wp-json\/wp\/v2\/product"}],"about":[{"href":"https:\/\/elalmacendeloza.com\/en\/wp-json\/wp\/v2\/types\/product"}],"replies":[{"embeddable":true,"href":"https:\/\/elalmacendeloza.com\/en\/wp-json\/wp\/v2\/comments?post=20831"}],"wp:featuredmedia":[{"embeddable":true,"href":"https:\/\/elalmacendeloza.com\/en\/wp-json\/wp\/v2\/media\/20832"}],"wp:attachment":[{"href":"https:\/\/elalmacendeloza.com\/en\/wp-json\/wp\/v2\/media?parent=20831"}],"wp:term":[{"taxonomy":"product_brand","embeddable":true,"href":"https:\/\/elalmacendeloza.com\/en\/wp-json\/wp\/v2\/product_brand?post=20831"},{"taxonomy":"product_cat","embeddable":true,"href":"https:\/\/elalmacendeloza.com\/en\/wp-json\/wp\/v2\/product_cat?post=20831"},{"taxonomy":"product_tag","embeddable":true,"href":"https:\/\/elalmacendeloza.com\/en\/wp-json\/wp\/v2\/product_tag?post=20831"}],"curies":[{"name":"wp","href":"https:\/\/api.w.org\/{rel}","templated":true}]}}