{"id":20836,"date":"2025-11-18T11:46:30","date_gmt":"2025-11-18T10:46:30","guid":{"rendered":"https:\/\/elalmacendeloza.com\/sin%20categor\u00eda\/adorno-arbol-servilletero-hojitas-doradas\/"},"modified":"2026-01-12T18:23:43","modified_gmt":"2026-01-12T17:23:43","slug":"adorno-arbol-servilletero-hojitas-doradas","status":"publish","type":"product","link":"https:\/\/elalmacendeloza.com\/en\/sales\/adorno-arbol-servilletero-hojitas-doradas\/","title":{"rendered":"Adorno \u00e1rbol \/servilletero hojitas doradas"},"content":{"rendered":"<div class=\"container-description\">\n<div class=\"description\">\n<h3 class=\"title-description\"> adorno \u00e1rbol hojitas doradas  <\/h3>\n<p> Elegante y sofisticado adorno de hojitas doradas para colgar del \u00e1rbol. Sin embargo este gracioso adorno se puede transformar tambi\u00e9n en un bonito servilletero para tu mesa de navidad. Gracias a los alambres de lat\u00f3n que lo compone es f\u00e1cilmente flexible.<\/p>\n<h3 class=\"title-description\"> Caracter\u00edsticas:  <\/h3>\n<p> Medida: 15cm <\/p>\n<p>Material: Lat\u00f3n<\/p>\n<\/p><\/div>\n<div class=\"square\">\n<h3 class=\"title-description\">Cuidados<\/h3>\n<ul class=\"ul-square\">\n<li class=\"li-square\"> Limpiar con un pa\u00f1o h\u00famedo<\/li>\n<\/ul><\/div>\n<\/div>\n","protected":false},"excerpt":{"rendered":"<p>Tambi\u00e9n se puede usar como servilletero, gracias a que se dobla f\u00e1cilmente.\u00a0<\/p>\n","protected":false},"featured_media":20837,"comment_status":"open","ping_status":"closed","template":"","meta":[],"product_brand":[],"product_cat":[575],"product_tag":[],"class_list":{"0":"post-20836","1":"product","2":"type-product","3":"status-publish","4":"has-post-thumbnail","6":"product_cat-rebajas","7":"pa_brand-bungalow","8":"pa_color-dorado","9":"pa_tamano-15cm","11":"first","12":"instock","13":"sale","14":"taxable","15":"shipping-taxable","16":"purchasable","17":"product-type-simple"},"_links":{"self":[{"href":"https:\/\/elalmacendeloza.com\/en\/wp-json\/wp\/v2\/product\/20836","targetHints":{"allow":["GET"]}}],"collection":[{"href":"https:\/\/elalmacendeloza.com\/en\/wp-json\/wp\/v2\/product"}],"about":[{"href":"https:\/\/elalmacendeloza.com\/en\/wp-json\/wp\/v2\/types\/product"}],"replies":[{"embeddable":true,"href":"https:\/\/elalmacendeloza.com\/en\/wp-json\/wp\/v2\/comments?post=20836"}],"wp:featuredmedia":[{"embeddable":true,"href":"https:\/\/elalmacendeloza.com\/en\/wp-json\/wp\/v2\/media\/20837"}],"wp:attachment":[{"href":"https:\/\/elalmacendeloza.com\/en\/wp-json\/wp\/v2\/media?parent=20836"}],"wp:term":[{"taxonomy":"product_brand","embeddable":true,"href":"https:\/\/elalmacendeloza.com\/en\/wp-json\/wp\/v2\/product_brand?post=20836"},{"taxonomy":"product_cat","embeddable":true,"href":"https:\/\/elalmacendeloza.com\/en\/wp-json\/wp\/v2\/product_cat?post=20836"},{"taxonomy":"product_tag","embeddable":true,"href":"https:\/\/elalmacendeloza.com\/en\/wp-json\/wp\/v2\/product_tag?post=20836"}],"curies":[{"name":"wp","href":"https:\/\/api.w.org\/{rel}","templated":true}]}}