{"id":20864,"date":"2025-11-18T12:09:09","date_gmt":"2025-11-18T11:09:09","guid":{"rendered":"https:\/\/elalmacendeloza.com\/sin%20categor\u00eda\/crakers-muneco-de-nieve-pack-8\/"},"modified":"2026-01-13T12:55:51","modified_gmt":"2026-01-13T11:55:51","slug":"crakers-muneco-de-nieve-pack-8","status":"publish","type":"product","link":"https:\/\/elalmacendeloza.com\/en\/sales\/crakers-muneco-de-nieve-pack-8\/","title":{"rendered":"Crakers Mu\u00f1eco de nieve &#8211; pack 8"},"content":{"rendered":"<div class=\"container-description\">\n<div class=\"description\">\n<h3 class=\"title-description\"> Crakers navide\u00f1os. <\/h3>\n<p> El pastelero afincado en Londres Tom Smith invent\u00f3 el \u201ccracker\u201d de celebraci\u00f3n despu\u00e9s de un viaje a Francia, donde se inspir\u00f3 en sus dulces bomb\u00f3n. A su vuelta a Londres intent\u00f3 vender las almendras azucaradas envueltas en papel, pero no tuvo demasiado \u00e9xito. Hasta que, una noche, mientras escuchaba los chasquidos de la chimenea, tuvo una idea:<br \/>\n\u00bfy si pudiera hacer que sus dulces crujieran como el fuego al abrirse?<br \/>\nLo que no imaginaba es que aquel pensamiento ser\u00eda el inicio de una de las tradiciones m\u00e1s emblem\u00e1ticas de la Navidad. Con el tiempo, los crackers fueron evolucionando: de peque\u00f1os dulces a notas, y finalmente a los tubos de cart\u00f3n rellenos de sorpresas, envueltos en papel y que hacen \u201cpop\u201d al abrirse, tal y como los conocemos hoy. Son el complemento perfecto para las celebraciones navide\u00f1as, pero tambi\u00e9n para cualquier fiesta o ocasi\u00f3n especial.<br \/>\n Dos personas sujetan cada extremo y tiran hasta que se abre con un \u201c\u00a1bang!\u201d y se descubren los regalos del interior.<br \/>\nCada Christmas Cracker incluye una corona de papel de seda, un chiste y un peque\u00f1o juguete o detalle<\/p>\n<h3 class=\"title-description\"> Caracter\u00edsticas:  <\/h3>\n<p> Medida:pack de 8 unidades por caja <\/p>\n<p>Material: cart\u00f3n <\/p>\n<p>Origen: China<\/p>\n<\/p><\/div>\n<div class=\"square\">\n<h3 class=\"title-description\">Cuidados<\/h3>\n<ul class=\"ul-square\">\n<li class=\"li-square\"> Puede incluir piezas peque\u00f1as.<\/li>\n<\/ul><\/div>\n<\/div>\n","protected":false},"excerpt":{"rendered":"<p>\u00a0Divertidos crakers de Caspari para poner en la mesa como detalle con tus invitados.\u00a0 Cada paquete lleva un peque\u00f1o detalle. Vienen 8 crackers en cada caja.\u00a0<\/p>\n","protected":false},"featured_media":20865,"comment_status":"open","ping_status":"closed","template":"","meta":[],"product_brand":[],"product_cat":[575],"product_tag":[],"class_list":{"0":"post-20864","1":"product","2":"type-product","3":"status-publish","4":"has-post-thumbnail","6":"product_cat-rebajas","7":"pa_brand-caspari","8":"pa_sa_colores-multicolor","9":"pa_sa_tamanos-unico","11":"first","12":"instock","13":"sale","14":"taxable","15":"shipping-taxable","16":"purchasable","17":"product-type-simple"},"_links":{"self":[{"href":"https:\/\/elalmacendeloza.com\/en\/wp-json\/wp\/v2\/product\/20864","targetHints":{"allow":["GET"]}}],"collection":[{"href":"https:\/\/elalmacendeloza.com\/en\/wp-json\/wp\/v2\/product"}],"about":[{"href":"https:\/\/elalmacendeloza.com\/en\/wp-json\/wp\/v2\/types\/product"}],"replies":[{"embeddable":true,"href":"https:\/\/elalmacendeloza.com\/en\/wp-json\/wp\/v2\/comments?post=20864"}],"wp:featuredmedia":[{"embeddable":true,"href":"https:\/\/elalmacendeloza.com\/en\/wp-json\/wp\/v2\/media\/20865"}],"wp:attachment":[{"href":"https:\/\/elalmacendeloza.com\/en\/wp-json\/wp\/v2\/media?parent=20864"}],"wp:term":[{"taxonomy":"product_brand","embeddable":true,"href":"https:\/\/elalmacendeloza.com\/en\/wp-json\/wp\/v2\/product_brand?post=20864"},{"taxonomy":"product_cat","embeddable":true,"href":"https:\/\/elalmacendeloza.com\/en\/wp-json\/wp\/v2\/product_cat?post=20864"},{"taxonomy":"product_tag","embeddable":true,"href":"https:\/\/elalmacendeloza.com\/en\/wp-json\/wp\/v2\/product_tag?post=20864"}],"curies":[{"name":"wp","href":"https:\/\/api.w.org\/{rel}","templated":true}]}}