{"id":20870,"date":"2025-11-18T12:27:57","date_gmt":"2025-11-18T11:27:57","guid":{"rendered":"https:\/\/elalmacendeloza.com\/sin%20categor\u00eda\/set-8-platos-llanos-de-papel-chinoiserie\/"},"modified":"2026-03-25T17:27:04","modified_gmt":"2026-03-25T16:27:04","slug":"set-8-platos-llanos-de-papel-chinoiserie","status":"publish","type":"product","link":"https:\/\/elalmacendeloza.com\/en\/table-linen\/napkins\/paper\/set-8-platos-llanos-de-papel-chinoiserie\/","title":{"rendered":"Set 8 Platos llanos de papel &#8211; Chinoiserie"},"content":{"rendered":"<div class=\"container-description\">\n<div class=\"description\">\n<h3 class=\"title-description\"> \u00c1rbol de navidad platos llanos set 8 unidades  <\/h3>\n<p> Los platos de papel Caspari est\u00e1n dise\u00f1ados para recordar la silueta de la porcelana fina, llevando la elegancia de una mesa formal al d\u00eda a d\u00eda. Con espectaculares ilustraciones navide\u00f1as esta vajilla de papel eleva cualquier puesta en escena sin renunciar a la comodidad de los productos desechables: limpieza f\u00e1cil y uso sin preocupaciones.<\/p>\n<h3 class=\"title-description\"> Caracter\u00edsticas:  <\/h3>\n<p> Medida:26cm <\/p>\n<p>Material:Cart\u00f3n desechable <\/p>\n<\/p><\/div>\n<div class=\"square\">\n<h3 class=\"title-description\">Cuidados<\/h3>\n<ul class=\"ul-square\">\n<li class=\"li-square\"> Desechable <\/li>\n<li class=\"li-square\"> No apto para microondas <\/li>\n<\/ul><\/div>\n<\/div>\n","protected":false},"excerpt":{"rendered":"<p>\u00d826cm. Packs de 8 unidades\u00a0<\/p>\n","protected":false},"featured_media":20871,"comment_status":"open","ping_status":"closed","template":"","meta":[],"product_brand":[],"product_cat":[606],"product_tag":[],"class_list":{"0":"post-20870","1":"product","2":"type-product","3":"status-publish","4":"has-post-thumbnail","6":"product_cat-papel","7":"pa_brand-caspari","8":"pa_color-rojo","9":"pa_tamano-26-cm","11":"first","12":"instock","13":"taxable","14":"shipping-taxable","15":"purchasable","16":"product-type-simple"},"_links":{"self":[{"href":"https:\/\/elalmacendeloza.com\/en\/wp-json\/wp\/v2\/product\/20870","targetHints":{"allow":["GET"]}}],"collection":[{"href":"https:\/\/elalmacendeloza.com\/en\/wp-json\/wp\/v2\/product"}],"about":[{"href":"https:\/\/elalmacendeloza.com\/en\/wp-json\/wp\/v2\/types\/product"}],"replies":[{"embeddable":true,"href":"https:\/\/elalmacendeloza.com\/en\/wp-json\/wp\/v2\/comments?post=20870"}],"wp:featuredmedia":[{"embeddable":true,"href":"https:\/\/elalmacendeloza.com\/en\/wp-json\/wp\/v2\/media\/20871"}],"wp:attachment":[{"href":"https:\/\/elalmacendeloza.com\/en\/wp-json\/wp\/v2\/media?parent=20870"}],"wp:term":[{"taxonomy":"product_brand","embeddable":true,"href":"https:\/\/elalmacendeloza.com\/en\/wp-json\/wp\/v2\/product_brand?post=20870"},{"taxonomy":"product_cat","embeddable":true,"href":"https:\/\/elalmacendeloza.com\/en\/wp-json\/wp\/v2\/product_cat?post=20870"},{"taxonomy":"product_tag","embeddable":true,"href":"https:\/\/elalmacendeloza.com\/en\/wp-json\/wp\/v2\/product_tag?post=20870"}],"curies":[{"name":"wp","href":"https:\/\/api.w.org\/{rel}","templated":true}]}}