{"id":20913,"date":"2025-11-18T15:12:33","date_gmt":"2025-11-18T14:12:33","guid":{"rendered":"https:\/\/elalmacendeloza.com\/?post_type=product&#038;p=20913"},"modified":"2026-01-30T14:19:26","modified_gmt":"2026-01-30T13:19:26","slug":"pano-cocina-gallo","status":"publish","type":"product","link":"https:\/\/elalmacendeloza.com\/en\/table-linen\/kitchen-cloth\/pano-cocina-gallo\/","title":{"rendered":"Pa\u00f1o cocina- Gallo"},"content":{"rendered":"<div class=\"container-description\">\n<div class=\"description\">\n<h3 class=\"title-description\">Pa\u00f1o de cocina gallo <\/h3>\n<p> Dale un toque divertido y elegante a tu cocina con la colecci\u00f3n de pa\u00f1os de lino. Un elemento decorativo que no pasar\u00e1 desapercibido. <\/p>\n<p>Material: lino<\/p>\n<p>Medidas: 50x70cm <\/p>\n<\/p><\/div>\n<div class=\"square\">\n<h3 class=\"title-description\">Cuidados<\/h3>\n<ul class=\"ul-square\">\n<li class=\"li-square\"> Apto para lavadora en agua fr\u00eda<\/li>\n<\/ul><\/div>\n<\/div>\n","protected":false},"excerpt":{"rendered":"<p>50x70cm<\/p>\n","protected":false},"featured_media":20914,"comment_status":"open","ping_status":"closed","template":"","meta":[],"product_brand":[],"product_cat":[124],"product_tag":[],"class_list":{"0":"post-20913","1":"product","2":"type-product","3":"status-publish","4":"has-post-thumbnail","6":"product_cat-pano-cocina","7":"pa_brand-tessitura-toscana","8":"pa_color-azul","9":"pa_color-verde","10":"pa_tamano-50x70cm","12":"first","13":"outofstock","14":"taxable","15":"shipping-taxable","16":"product-type-variable"},"_links":{"self":[{"href":"https:\/\/elalmacendeloza.com\/en\/wp-json\/wp\/v2\/product\/20913","targetHints":{"allow":["GET"]}}],"collection":[{"href":"https:\/\/elalmacendeloza.com\/en\/wp-json\/wp\/v2\/product"}],"about":[{"href":"https:\/\/elalmacendeloza.com\/en\/wp-json\/wp\/v2\/types\/product"}],"replies":[{"embeddable":true,"href":"https:\/\/elalmacendeloza.com\/en\/wp-json\/wp\/v2\/comments?post=20913"}],"wp:featuredmedia":[{"embeddable":true,"href":"https:\/\/elalmacendeloza.com\/en\/wp-json\/wp\/v2\/media\/20914"}],"wp:attachment":[{"href":"https:\/\/elalmacendeloza.com\/en\/wp-json\/wp\/v2\/media?parent=20913"}],"wp:term":[{"taxonomy":"product_brand","embeddable":true,"href":"https:\/\/elalmacendeloza.com\/en\/wp-json\/wp\/v2\/product_brand?post=20913"},{"taxonomy":"product_cat","embeddable":true,"href":"https:\/\/elalmacendeloza.com\/en\/wp-json\/wp\/v2\/product_cat?post=20913"},{"taxonomy":"product_tag","embeddable":true,"href":"https:\/\/elalmacendeloza.com\/en\/wp-json\/wp\/v2\/product_tag?post=20913"}],"curies":[{"name":"wp","href":"https:\/\/api.w.org\/{rel}","templated":true}]}}