{"id":20986,"date":"2025-11-25T22:35:15","date_gmt":"2025-11-25T21:35:15","guid":{"rendered":"https:\/\/elalmacendeloza.com\/sin%20categor\u00eda\/jarra-rosa-y-verde-1l\/"},"modified":"2026-04-10T14:48:19","modified_gmt":"2026-04-10T12:48:19","slug":"jarra-rosa-y-verde-1l","status":"publish","type":"product","link":"https:\/\/elalmacendeloza.com\/en\/glassware\/jug\/jarra-rosa-y-verde-1l\/","title":{"rendered":"Jarra rosa y verde 1L"},"content":{"rendered":"<div class=\"container-description\">\n<div class=\"description\">\n<h3 class=\"title-description\">  Jarra de rayas azules con asa de rat\u00e1n   <\/h3>\n<p>Esta jarra combina la resistencia del gres con la calidez del rat\u00e1n, creando una pieza funcional y decorativa. Ideal para servir agua, limonada o tus bebidas favoritas, su dise\u00f1o de inspiraci\u00f3n r\u00fastica la convierte en un complemento vers\u00e1til para todo tipo de decoraciones, ya sea en interiores o exteriores. <\/p>\n<h3 class=\"title-description\"> Caracter\u00edsticas:  <\/h3>\n<p> Medida:850ml\/14 x 9.5 x H17cm  <\/p>\n<p>Material: Gr\u00e9s<\/p>\n<\/p><\/div>\n<div class=\"square\">\n<h3 class=\"title-description\">Cuidados<\/h3>\n<ul class=\"ul-square\">\n<li class=\"li-square\"> Recomendable lavar a mano <\/li>\n<li class=\"li-square\">  No usar en el microondas <\/li>\n<\/ul><\/div>\n<\/div>\n","protected":false},"excerpt":{"rendered":"<p>Jarra de <b>gres.\u00a0<\/b>Aporta color y alegr\u00eda a tu mesa, haci\u00e9ndola \u00fanica y original.<\/p>\n<p>Capacidad: 1,3 L.<\/p>\n<p><span>APTA Para micro y lavaplatos<\/span><\/p>\n<p><\/p>\n<p><\/p>\n","protected":false},"featured_media":20987,"comment_status":"open","ping_status":"closed","template":"","meta":[],"product_brand":[],"product_cat":[105],"product_tag":[],"class_list":{"0":"post-20986","1":"product","2":"type-product","3":"status-publish","4":"has-post-thumbnail","6":"product_cat-jarra","7":"pa_brand-wd-lifestyle","8":"pa_color-verde-rosa","9":"pa_tamano-1l","11":"first","12":"outofstock","13":"taxable","14":"shipping-taxable","15":"purchasable","16":"product-type-simple"},"_links":{"self":[{"href":"https:\/\/elalmacendeloza.com\/en\/wp-json\/wp\/v2\/product\/20986","targetHints":{"allow":["GET"]}}],"collection":[{"href":"https:\/\/elalmacendeloza.com\/en\/wp-json\/wp\/v2\/product"}],"about":[{"href":"https:\/\/elalmacendeloza.com\/en\/wp-json\/wp\/v2\/types\/product"}],"replies":[{"embeddable":true,"href":"https:\/\/elalmacendeloza.com\/en\/wp-json\/wp\/v2\/comments?post=20986"}],"wp:featuredmedia":[{"embeddable":true,"href":"https:\/\/elalmacendeloza.com\/en\/wp-json\/wp\/v2\/media\/20987"}],"wp:attachment":[{"href":"https:\/\/elalmacendeloza.com\/en\/wp-json\/wp\/v2\/media?parent=20986"}],"wp:term":[{"taxonomy":"product_brand","embeddable":true,"href":"https:\/\/elalmacendeloza.com\/en\/wp-json\/wp\/v2\/product_brand?post=20986"},{"taxonomy":"product_cat","embeddable":true,"href":"https:\/\/elalmacendeloza.com\/en\/wp-json\/wp\/v2\/product_cat?post=20986"},{"taxonomy":"product_tag","embeddable":true,"href":"https:\/\/elalmacendeloza.com\/en\/wp-json\/wp\/v2\/product_tag?post=20986"}],"curies":[{"name":"wp","href":"https:\/\/api.w.org\/{rel}","templated":true}]}}