{"id":21006,"date":"2025-11-25T22:54:55","date_gmt":"2025-11-25T21:54:55","guid":{"rendered":"https:\/\/elalmacendeloza.com\/sin%20categor\u00eda\/set-salero-pimentero-blanconegro\/"},"modified":"2026-03-19T17:10:05","modified_gmt":"2026-03-19T16:10:05","slug":"set-salero-pimentero-blanconegro","status":"publish","type":"product","link":"https:\/\/elalmacendeloza.com\/en\/table-accessories\/cruets-and-salt-shakers\/set-salero-pimentero-blanconegro\/","title":{"rendered":"Set salero pimentero blanco\/negro"},"content":{"rendered":"<div class=\"container-description\">\n<div class=\"description\">\n<h3 class=\"title-description\"> Set salero pimentero blanco negro <\/h3>\n<p> Set de molinillos de pimienta y sal de madera lacada procedente de fuentes sostenibles FSC, con mecanismo de cer\u00e1mica. La combinaci\u00f3n perfecta: compactos, funcionales y con colores vibrantes que permitir\u00e1n a ti y a tus invitados ajustar la cantidad y elegir el grado de molido ideal. Se venden juntos.<\/p>\n<h3 class=\"title-description\"> Caracter\u00edsticas:  <\/h3>\n<p> Medida:\u00d85&#215;11 cm; \u00d86&#215;12,5 cm <\/p>\n<p>Material:Madera FSC <\/p>\n<\/p><\/div>\n<div class=\"square\">\n<h3 class=\"title-description\">Cuidados<\/h3>\n<ul class=\"ul-square\">\n<li class=\"li-square\">  No apto para lavaplatos <\/li>\n<li class=\"li-square\"> Lavar con un pa\u00f1o h\u00famedo<\/li>\n<\/ul><\/div>\n<\/div>\n","protected":false},"excerpt":{"rendered":"<p><span>\u00d85&#215;11 cm; \u00d86&#215;12,5 cm<\/span><\/p>\n<p><\/p>\n","protected":false},"featured_media":21007,"comment_status":"open","ping_status":"closed","template":"","meta":[],"product_brand":[],"product_cat":[84],"product_tag":[],"class_list":{"0":"post-21006","1":"product","2":"type-product","3":"status-publish","4":"has-post-thumbnail","6":"product_cat-vinagreras-y-saleros","7":"pa_brand-wd-lifestyle","8":"pa_color-blanco-negro","9":"pa_tamano-set","11":"first","12":"instock","13":"taxable","14":"shipping-taxable","15":"purchasable","16":"product-type-variable"},"_links":{"self":[{"href":"https:\/\/elalmacendeloza.com\/en\/wp-json\/wp\/v2\/product\/21006","targetHints":{"allow":["GET"]}}],"collection":[{"href":"https:\/\/elalmacendeloza.com\/en\/wp-json\/wp\/v2\/product"}],"about":[{"href":"https:\/\/elalmacendeloza.com\/en\/wp-json\/wp\/v2\/types\/product"}],"replies":[{"embeddable":true,"href":"https:\/\/elalmacendeloza.com\/en\/wp-json\/wp\/v2\/comments?post=21006"}],"wp:featuredmedia":[{"embeddable":true,"href":"https:\/\/elalmacendeloza.com\/en\/wp-json\/wp\/v2\/media\/21007"}],"wp:attachment":[{"href":"https:\/\/elalmacendeloza.com\/en\/wp-json\/wp\/v2\/media?parent=21006"}],"wp:term":[{"taxonomy":"product_brand","embeddable":true,"href":"https:\/\/elalmacendeloza.com\/en\/wp-json\/wp\/v2\/product_brand?post=21006"},{"taxonomy":"product_cat","embeddable":true,"href":"https:\/\/elalmacendeloza.com\/en\/wp-json\/wp\/v2\/product_cat?post=21006"},{"taxonomy":"product_tag","embeddable":true,"href":"https:\/\/elalmacendeloza.com\/en\/wp-json\/wp\/v2\/product_tag?post=21006"}],"curies":[{"name":"wp","href":"https:\/\/api.w.org\/{rel}","templated":true}]}}