{"id":21174,"date":"2025-11-27T13:53:48","date_gmt":"2025-11-27T12:53:48","guid":{"rendered":"https:\/\/elalmacendeloza.com\/sin%20categor\u00eda\/acebo-fuente-rectangular\/"},"modified":"2026-02-23T11:42:17","modified_gmt":"2026-02-23T10:42:17","slug":"acebo-fuente-rectangular","status":"publish","type":"product","link":"https:\/\/elalmacendeloza.com\/en\/sales\/acebo-fuente-rectangular\/","title":{"rendered":"Acebo- Fuente rectangular"},"content":{"rendered":"<div class=\"container-description\">\n<div class=\"description\">\n<h3 class=\"title-description\"> Acebo fuente rectangular<\/h3>\n<p> Fuente rectangular pintada y hecha a mano en nuestro taller de Portugal. Ese toque navide\u00f1o es ideal para presentar los platos de estas navidades. Una pieza \u00fanica.  Al ser pintado a mano no todas son igual, lo cual hace que cada una sea \u00fanica.  Diferentes tama\u00f1os disponibles:39,5x31cm\/36x27cm\/31x23cm <\/p>\n<h3 class=\"title-description\"> Caracter\u00edsticas:  <\/h3>\n<p> Medida: 39,5x31cm\/36x27cm\/31x23cm <\/p>\n<p>Material:Loza <\/p>\n<\/p><\/div>\n<div class=\"square\">\n<h3 class=\"title-description\">Cuidados<\/h3>\n<ul class=\"ul-square\">\n<li class=\"li-square\"> Apto para lavaplatos <\/li>\n<li class=\"li-square\"> Apto para microondas <\/li>\n<\/ul><\/div>\n<\/div>\n","protected":false},"excerpt":{"rendered":"<p>39,5x31cm\/36x27cm\/31x23cm. Pintadas a mano.\u00a0<\/p>\n","protected":false},"featured_media":21175,"comment_status":"open","ping_status":"closed","template":"","meta":[],"product_brand":[],"product_cat":[132,575],"product_tag":[],"class_list":{"0":"post-21174","1":"product","2":"type-product","3":"status-publish","4":"has-post-thumbnail","6":"product_cat-fuentes-y-ensaladeras","7":"product_cat-rebajas","8":"pa_brand-am-ceramica","9":"pa_color-rojo-verde","10":"pa_tamano-grande","11":"pa_tamano-mediano","12":"pa_tamano-pequeno","14":"first","15":"instock","16":"sale","17":"taxable","18":"shipping-taxable","19":"purchasable","20":"product-type-variable"},"_links":{"self":[{"href":"https:\/\/elalmacendeloza.com\/en\/wp-json\/wp\/v2\/product\/21174","targetHints":{"allow":["GET"]}}],"collection":[{"href":"https:\/\/elalmacendeloza.com\/en\/wp-json\/wp\/v2\/product"}],"about":[{"href":"https:\/\/elalmacendeloza.com\/en\/wp-json\/wp\/v2\/types\/product"}],"replies":[{"embeddable":true,"href":"https:\/\/elalmacendeloza.com\/en\/wp-json\/wp\/v2\/comments?post=21174"}],"wp:featuredmedia":[{"embeddable":true,"href":"https:\/\/elalmacendeloza.com\/en\/wp-json\/wp\/v2\/media\/21175"}],"wp:attachment":[{"href":"https:\/\/elalmacendeloza.com\/en\/wp-json\/wp\/v2\/media?parent=21174"}],"wp:term":[{"taxonomy":"product_brand","embeddable":true,"href":"https:\/\/elalmacendeloza.com\/en\/wp-json\/wp\/v2\/product_brand?post=21174"},{"taxonomy":"product_cat","embeddable":true,"href":"https:\/\/elalmacendeloza.com\/en\/wp-json\/wp\/v2\/product_cat?post=21174"},{"taxonomy":"product_tag","embeddable":true,"href":"https:\/\/elalmacendeloza.com\/en\/wp-json\/wp\/v2\/product_tag?post=21174"}],"curies":[{"name":"wp","href":"https:\/\/api.w.org\/{rel}","templated":true}]}}