{"id":21530,"date":"2026-01-07T22:04:54","date_gmt":"2026-01-07T21:04:54","guid":{"rendered":"https:\/\/elalmacendeloza.com\/sin%20categor\u00eda\/vela-pina-verde\/"},"modified":"2026-01-09T17:13:22","modified_gmt":"2026-01-09T16:13:22","slug":"vela-pina-verde","status":"publish","type":"product","link":"https:\/\/elalmacendeloza.com\/en\/sales\/vela-pina-verde\/","title":{"rendered":"Vela pi\u00f1a verde"},"content":{"rendered":"<div class=\"container-description\">\n<div class=\"description\">\n<h3 class=\"title-description\"> Pi\u00f1a vela 11cm   <\/h3>\n<p>Vela con forma de pi\u00f1a para las mesas m\u00e1s navide\u00f1as. <\/p>\n<h3 class=\"title-description\"> Caracter\u00edsticas:  <\/h3>\n<p> Medida: 11 x 11,5cm <\/p>\n<p>Material:  Parafina <\/p>\n<\/p><\/div>\n<div class=\"square\">\n<h3 class=\"title-description\">Cuidados<\/h3>\n<ul class=\"ul-square\">\n<li class=\"li-square\"> Antes de cada uso, recorta la mecha a aproximadamente 5 mm para evitar que la llama sea demasiado grande, lo que prolongar\u00e1 la vida de la vela y reducir\u00e1 el humo.<\/li>\n<li class=\"li-square\"> Coloca el portavelas en un lugar estable y libre de corrientes para que la vela se consuma uniformemente y no genere residuos en los bordes<\/li>\n<\/ul><\/div>\n<\/div>\n","protected":false},"excerpt":{"rendered":"<p>vela navide\u00f1a con forma de pi\u00f1a.<br \/><span>D11 x H11,5cm<\/span><\/p>\n","protected":false},"featured_media":21531,"comment_status":"open","ping_status":"closed","template":"","meta":[],"product_brand":[],"product_cat":[575],"product_tag":[],"class_list":{"0":"post-21530","1":"product","2":"type-product","3":"status-publish","4":"has-post-thumbnail","6":"product_cat-rebajas","7":"pa_brand-cote-table","8":"pa_color-verde","9":"pa_tamano-11cm","11":"first","12":"instock","13":"sale","14":"taxable","15":"shipping-taxable","16":"purchasable","17":"product-type-simple"},"_links":{"self":[{"href":"https:\/\/elalmacendeloza.com\/en\/wp-json\/wp\/v2\/product\/21530","targetHints":{"allow":["GET"]}}],"collection":[{"href":"https:\/\/elalmacendeloza.com\/en\/wp-json\/wp\/v2\/product"}],"about":[{"href":"https:\/\/elalmacendeloza.com\/en\/wp-json\/wp\/v2\/types\/product"}],"replies":[{"embeddable":true,"href":"https:\/\/elalmacendeloza.com\/en\/wp-json\/wp\/v2\/comments?post=21530"}],"wp:featuredmedia":[{"embeddable":true,"href":"https:\/\/elalmacendeloza.com\/en\/wp-json\/wp\/v2\/media\/21531"}],"wp:attachment":[{"href":"https:\/\/elalmacendeloza.com\/en\/wp-json\/wp\/v2\/media?parent=21530"}],"wp:term":[{"taxonomy":"product_brand","embeddable":true,"href":"https:\/\/elalmacendeloza.com\/en\/wp-json\/wp\/v2\/product_brand?post=21530"},{"taxonomy":"product_cat","embeddable":true,"href":"https:\/\/elalmacendeloza.com\/en\/wp-json\/wp\/v2\/product_cat?post=21530"},{"taxonomy":"product_tag","embeddable":true,"href":"https:\/\/elalmacendeloza.com\/en\/wp-json\/wp\/v2\/product_tag?post=21530"}],"curies":[{"name":"wp","href":"https:\/\/api.w.org\/{rel}","templated":true}]}}