{"id":21545,"date":"2026-01-08T09:46:30","date_gmt":"2026-01-08T08:46:30","guid":{"rendered":"https:\/\/elalmacendeloza.com\/sin%20categor\u00eda\/maritimo-cuberteria-set-6-piezas\/"},"modified":"2026-02-24T12:43:45","modified_gmt":"2026-02-24T11:43:45","slug":"maritimo-cuberteria","status":"publish","type":"product","link":"https:\/\/elalmacendeloza.com\/en\/sales\/maritimo-cuberteria\/","title":{"rendered":"Mar\u00edtimo- Cuberter\u00eda"},"content":{"rendered":"<div class=\"container-description\">\n<div class=\"description\">\n<h3 class=\"title-description\"> Mar\u00edtimo- Cuberter\u00eda  <\/h3>\n<p>  Cuberter\u00eda con mango imitando a una cuerda marinera.<\/p>\n<p>Material:inox 18\/10 &#8211; Mango resinado<\/p>\n<\/p><\/div>\n<div class=\"square\">\n<h3 class=\"title-description\">Cuidados<\/h3>\n<ul class=\"ul-square\">\n<li class=\"li-square\">Apto para lavaplatos temperatura m\u00e1xima 45\u00baC<\/li>\n<li class=\"li-square\"> No apto para microondas, ni horno<\/li>\n<li class=\"li-square\"> Sin bisfenol A<\/li>\n<\/ul><\/div>\n<\/div>\n","protected":false},"excerpt":{"rendered":"<p>Mar\u00edtimo- Cuberter\u00eda Cuberter\u00eda con mango imitando a una cuerda marinera. Material:inox 18\/10 &#8211; Mango resinado Cuidados Apto para lavaplatos temperatura<\/p>\n","protected":false},"featured_media":21546,"comment_status":"open","ping_status":"closed","template":"","meta":[],"product_brand":[],"product_cat":[575,117],"product_tag":[],"class_list":{"0":"post-21545","1":"product","2":"type-product","3":"status-publish","4":"has-post-thumbnail","6":"product_cat-rebajas","7":"product_cat-set-cuberterias","8":"pa_brand-neva","9":"pa_color-beige","10":"pa_sa_tallas-cuchara-mesa","11":"pa_sa_tallas-cuchara-postre","12":"pa_sa_tallas-cuchillo-mesa","13":"pa_sa_tallas-cuchillo-postre","14":"pa_sa_tallas-tenedor-mesa","15":"pa_sa_tallas-tenedor-postre","17":"first","18":"instock","19":"sale","20":"taxable","21":"shipping-taxable","22":"purchasable","23":"product-type-variable"},"_links":{"self":[{"href":"https:\/\/elalmacendeloza.com\/en\/wp-json\/wp\/v2\/product\/21545","targetHints":{"allow":["GET"]}}],"collection":[{"href":"https:\/\/elalmacendeloza.com\/en\/wp-json\/wp\/v2\/product"}],"about":[{"href":"https:\/\/elalmacendeloza.com\/en\/wp-json\/wp\/v2\/types\/product"}],"replies":[{"embeddable":true,"href":"https:\/\/elalmacendeloza.com\/en\/wp-json\/wp\/v2\/comments?post=21545"}],"wp:featuredmedia":[{"embeddable":true,"href":"https:\/\/elalmacendeloza.com\/en\/wp-json\/wp\/v2\/media\/21546"}],"wp:attachment":[{"href":"https:\/\/elalmacendeloza.com\/en\/wp-json\/wp\/v2\/media?parent=21545"}],"wp:term":[{"taxonomy":"product_brand","embeddable":true,"href":"https:\/\/elalmacendeloza.com\/en\/wp-json\/wp\/v2\/product_brand?post=21545"},{"taxonomy":"product_cat","embeddable":true,"href":"https:\/\/elalmacendeloza.com\/en\/wp-json\/wp\/v2\/product_cat?post=21545"},{"taxonomy":"product_tag","embeddable":true,"href":"https:\/\/elalmacendeloza.com\/en\/wp-json\/wp\/v2\/product_tag?post=21545"}],"curies":[{"name":"wp","href":"https:\/\/api.w.org\/{rel}","templated":true}]}}