{"id":21757,"date":"2026-01-21T14:36:19","date_gmt":"2026-01-21T13:36:19","guid":{"rendered":"https:\/\/elalmacendeloza.com\/sin%20categor\u00eda\/nacimiento-dorado-6-piezas\/"},"modified":"2026-01-21T14:59:33","modified_gmt":"2026-01-21T13:59:33","slug":"nacimiento-dorado-6-piezas","status":"publish","type":"product","link":"https:\/\/elalmacendeloza.com\/en\/table-accessories\/table-decoration\/nacimiento-dorado-6-piezas\/","title":{"rendered":"Nacimiento dorado 6 piezas"},"content":{"rendered":"<div class=\"container-description\">\n<div class=\"description\">\n<h3 class=\"title-description\"> Nacimiento dorado   <\/h3>\n<p>Compuesto por 6 piezas, incorpora las figuras de un pesebre tradicional pero con un dise\u00f1o elegante y alternativo. Se compone por las siguientes piezas: San Jos\u00e9, la Virgen, el ni\u00f1o, Melchor , Gaspar y Baltasar.<\/p>\n<h3 class=\"title-description\"> Caracter\u00edsticas:  <\/h3>\n<p> Medida: 17 cm  <\/p>\n<p>Material: Poliresina<\/p>\n<\/p><\/div>\n<div class=\"square\">\n<h3 class=\"title-description\">Cuidados<\/h3>\n<ul class=\"ul-square\">\n<li class=\"li-square\"> No necesita.<\/li>\n<\/ul><\/div>\n<\/div>\n","protected":false},"excerpt":{"rendered":"<p>17cm\u00a0<\/p>\n","protected":false},"featured_media":21758,"comment_status":"open","ping_status":"closed","template":"","meta":[],"product_brand":[],"product_cat":[77],"product_tag":[],"class_list":{"0":"post-21757","1":"product","2":"type-product","3":"status-publish","4":"has-post-thumbnail","6":"product_cat-decoracion-mesa","7":"pa_brand-javier","8":"pa_color-dorado","9":"pa_tamano-unico","11":"first","12":"instock","13":"taxable","14":"shipping-taxable","15":"purchasable","16":"product-type-simple"},"_links":{"self":[{"href":"https:\/\/elalmacendeloza.com\/en\/wp-json\/wp\/v2\/product\/21757","targetHints":{"allow":["GET"]}}],"collection":[{"href":"https:\/\/elalmacendeloza.com\/en\/wp-json\/wp\/v2\/product"}],"about":[{"href":"https:\/\/elalmacendeloza.com\/en\/wp-json\/wp\/v2\/types\/product"}],"replies":[{"embeddable":true,"href":"https:\/\/elalmacendeloza.com\/en\/wp-json\/wp\/v2\/comments?post=21757"}],"wp:featuredmedia":[{"embeddable":true,"href":"https:\/\/elalmacendeloza.com\/en\/wp-json\/wp\/v2\/media\/21758"}],"wp:attachment":[{"href":"https:\/\/elalmacendeloza.com\/en\/wp-json\/wp\/v2\/media?parent=21757"}],"wp:term":[{"taxonomy":"product_brand","embeddable":true,"href":"https:\/\/elalmacendeloza.com\/en\/wp-json\/wp\/v2\/product_brand?post=21757"},{"taxonomy":"product_cat","embeddable":true,"href":"https:\/\/elalmacendeloza.com\/en\/wp-json\/wp\/v2\/product_cat?post=21757"},{"taxonomy":"product_tag","embeddable":true,"href":"https:\/\/elalmacendeloza.com\/en\/wp-json\/wp\/v2\/product_tag?post=21757"}],"curies":[{"name":"wp","href":"https:\/\/api.w.org\/{rel}","templated":true}]}}