{"id":21935,"date":"2026-02-05T17:18:32","date_gmt":"2026-02-05T16:18:32","guid":{"rendered":"https:\/\/elalmacendeloza.com\/sin%20categor\u00eda\/indonesia-termo-ratan\/"},"modified":"2026-03-23T15:37:55","modified_gmt":"2026-03-23T14:37:55","slug":"indonesia-termo-ratan","status":"publish","type":"product","link":"https:\/\/elalmacendeloza.com\/en\/coleccion-ratan\/indonesia-termo-ratan\/","title":{"rendered":"Indonesia -Termo Rat\u00e1n"},"content":{"rendered":"<div class=\"container-description\">\n<div class=\"description\">\n<h3 class=\"title-description\"> Termos de rat\u00e1n   <\/h3>\n<p>&#8220;Termo de rat\u00e1n disponible en tres tama\u00f1os perfectos para cada ocasi\u00f3n: 300ml, 600ml, 1L y 1,3L.  Fabricado con materiales duraderos y un recubrimiento de rat\u00e1n que a\u00f1ade un toque natural y sofisticado. Dise\u00f1ado para mantener tus bebidas a la temperatura ideal, tanto calientes como fr\u00edas, con estilo y comodidad. <\/p>\n<h3 class=\"title-description\"> Caracter\u00edsticas:  <\/h3>\n<p> Medida: 300ml. 600ml, 1L y 1,3L <\/p>\n<p>Material: Rat\u00e1n\/ termo <\/p>\n<\/p><\/div>\n<div class=\"square\">\n<h3 class=\"title-description\">Cuidados<\/h3>\n<ul class=\"ul-square\">\n<li class=\"li-square\"> Se recomienda lavar a mano.<\/li>\n<\/ul><\/div>\n<\/div>\n","protected":false},"excerpt":{"rendered":"<p>Termos de rat\u00e1n &#8220;Termo de rat\u00e1n disponible en tres tama\u00f1os perfectos para cada ocasi\u00f3n: 300ml, 600ml, 1L y 1,3L. Fabricado<\/p>\n","protected":false},"featured_media":21936,"comment_status":"open","ping_status":"closed","template":"","meta":[],"product_brand":[],"product_cat":[1793,518],"product_tag":[],"class_list":{"0":"post-21935","1":"product","2":"type-product","3":"status-publish","4":"has-post-thumbnail","6":"product_cat-coleccion-ratan","7":"product_cat-teteras-y-cafeteras","8":"pa_brand-baolgi","9":"pa_color-marron","10":"pa_tamano-13l","11":"pa_tamano-1l","12":"pa_tamano-300ml","13":"pa_tamano-600ml","15":"first","16":"instock","17":"taxable","18":"shipping-taxable","19":"purchasable","20":"product-type-variable"},"_links":{"self":[{"href":"https:\/\/elalmacendeloza.com\/en\/wp-json\/wp\/v2\/product\/21935","targetHints":{"allow":["GET"]}}],"collection":[{"href":"https:\/\/elalmacendeloza.com\/en\/wp-json\/wp\/v2\/product"}],"about":[{"href":"https:\/\/elalmacendeloza.com\/en\/wp-json\/wp\/v2\/types\/product"}],"replies":[{"embeddable":true,"href":"https:\/\/elalmacendeloza.com\/en\/wp-json\/wp\/v2\/comments?post=21935"}],"wp:featuredmedia":[{"embeddable":true,"href":"https:\/\/elalmacendeloza.com\/en\/wp-json\/wp\/v2\/media\/21936"}],"wp:attachment":[{"href":"https:\/\/elalmacendeloza.com\/en\/wp-json\/wp\/v2\/media?parent=21935"}],"wp:term":[{"taxonomy":"product_brand","embeddable":true,"href":"https:\/\/elalmacendeloza.com\/en\/wp-json\/wp\/v2\/product_brand?post=21935"},{"taxonomy":"product_cat","embeddable":true,"href":"https:\/\/elalmacendeloza.com\/en\/wp-json\/wp\/v2\/product_cat?post=21935"},{"taxonomy":"product_tag","embeddable":true,"href":"https:\/\/elalmacendeloza.com\/en\/wp-json\/wp\/v2\/product_tag?post=21935"}],"curies":[{"name":"wp","href":"https:\/\/api.w.org\/{rel}","templated":true}]}}