{"id":22314,"date":"2026-02-17T12:59:25","date_gmt":"2026-02-17T11:59:25","guid":{"rendered":"https:\/\/elalmacendeloza.com\/?post_type=product&#038;p=22314"},"modified":"2026-03-06T12:12:28","modified_gmt":"2026-03-06T11:12:28","slug":"apothecary-vela-naranja-y-bergamota","status":"publish","type":"product","link":"https:\/\/elalmacendeloza.com\/en\/nueva-coleccion\/apothecary-vela-naranja-y-bergamota\/","title":{"rendered":"Apothecary vela &#8211; naranja y bergamota"},"content":{"rendered":"<div class=\"container-description\">\n<div class=\"description\">\n<h3 class=\"title-description\"> Velas colecci\u00f3n Apothecary <\/h3>\n<p>Estas velas arom\u00e1ticas se vierten en tarros de vidrio \u00e1mbar que aportar\u00e1n calidez a tu espacio con un suave resplandor \u00e1mbar parpadeante.Disponible en varios olores.<\/p>\n<h3 class=\"title-description\"> Caracter\u00edsticas:  <\/h3>\n<p> Medida:7,62 cm  x 12,70 cm  <\/p>\n<p>Material: Vidrio <\/p>\n<\/p><\/div>\n<div class=\"square\">\n<h3 class=\"title-description\">vela con olor<\/h3>\n<ul class=\"ul-square\">\n<li class=\"li-square\"> Notas de olor: Naranja y bergamota.<\/li>\n<\/ul><\/div>\n<\/div>\n","protected":false},"excerpt":{"rendered":"<p>Velas colecci\u00f3n Apothecary Estas velas arom\u00e1ticas se vierten en tarros de vidrio \u00e1mbar que aportar\u00e1n calidez a tu espacio con<\/p>\n","protected":false},"featured_media":22346,"comment_status":"open","ping_status":"closed","template":"","meta":[],"product_brand":[],"product_cat":[1773,121],"product_tag":[],"class_list":{"0":"post-22314","1":"product","2":"type-product","3":"status-publish","4":"has-post-thumbnail","6":"product_cat-nueva-coleccion","7":"product_cat-velas","8":"pa_brand-paddywax","9":"pa_color-ocre","10":"pa_tamano-unico","12":"first","13":"instock","14":"taxable","15":"shipping-taxable","16":"purchasable","17":"product-type-simple"},"_links":{"self":[{"href":"https:\/\/elalmacendeloza.com\/en\/wp-json\/wp\/v2\/product\/22314","targetHints":{"allow":["GET"]}}],"collection":[{"href":"https:\/\/elalmacendeloza.com\/en\/wp-json\/wp\/v2\/product"}],"about":[{"href":"https:\/\/elalmacendeloza.com\/en\/wp-json\/wp\/v2\/types\/product"}],"replies":[{"embeddable":true,"href":"https:\/\/elalmacendeloza.com\/en\/wp-json\/wp\/v2\/comments?post=22314"}],"wp:featuredmedia":[{"embeddable":true,"href":"https:\/\/elalmacendeloza.com\/en\/wp-json\/wp\/v2\/media\/22346"}],"wp:attachment":[{"href":"https:\/\/elalmacendeloza.com\/en\/wp-json\/wp\/v2\/media?parent=22314"}],"wp:term":[{"taxonomy":"product_brand","embeddable":true,"href":"https:\/\/elalmacendeloza.com\/en\/wp-json\/wp\/v2\/product_brand?post=22314"},{"taxonomy":"product_cat","embeddable":true,"href":"https:\/\/elalmacendeloza.com\/en\/wp-json\/wp\/v2\/product_cat?post=22314"},{"taxonomy":"product_tag","embeddable":true,"href":"https:\/\/elalmacendeloza.com\/en\/wp-json\/wp\/v2\/product_tag?post=22314"}],"curies":[{"name":"wp","href":"https:\/\/api.w.org\/{rel}","templated":true}]}}