{"id":22326,"date":"2026-02-17T13:44:10","date_gmt":"2026-02-17T12:44:10","guid":{"rendered":"https:\/\/elalmacendeloza.com\/sin categor\u00eda\/checkmate-vela-rose-santal\/"},"modified":"2026-02-17T13:44:17","modified_gmt":"2026-02-17T12:44:17","slug":"checkmate-vela-rose-santal","status":"publish","type":"product","link":"https:\/\/elalmacendeloza.com\/en\/nueva-coleccion\/checkmate-vela-rose-santal\/","title":{"rendered":"Checkmate vela Rose &amp; Santal"},"content":{"rendered":"<div class=\"container-description\">\n<div class=\"description\">\n<h3 class=\"title-description\"> Velas colecci\u00f3n Cabana <\/h3>\n<p>Transp\u00f3rtate a las playas m\u00e1s hermosas del mundo con nuestra colecci\u00f3n Cabana, dise\u00f1ada para evocar los aromas relajantes y de los destinos costeros.<br \/>\nEstas velas pintadas a mano en Vietnam, est\u00e1n inspiradas en las sombrillas de rayas.Disponible en diferentes colores y olores.<br \/>\nUna vez que la vela se haya consumido, su recipiente de cer\u00e1mica apto para uso alimentario puede reutilizarse para tus creaciones culinarias o como un encantador objeto decorativo.<\/p>\n<h3 class=\"title-description\"> Caracter\u00edsticas:  <\/h3>\n<p> Medida:7,5x9cm <\/p>\n<p>Material: cer\u00e1mica <\/p>\n<\/p><\/div>\n<div class=\"square\">\n<h3 class=\"title-description\">Lost At Sea: notas de marea oce\u00e1nica y madera a la deriva<\/h3>\n<ul class=\"ul-square\">\n<li class=\"li-square\"> Notas de olor: sal marina, aldeh\u00eddos chispeantes, ozono c\u00edtrico, eucalipto.<\/li>\n<\/ul><\/div>\n<\/div>\n","protected":false},"excerpt":{"rendered":"<p>Velas colecci\u00f3n Cabana Transp\u00f3rtate a las playas m\u00e1s hermosas del mundo con nuestra colecci\u00f3n Cabana, dise\u00f1ada para evocar los aromas<\/p>\n","protected":false},"featured_media":22327,"comment_status":"open","ping_status":"closed","template":"","meta":[],"product_brand":[],"product_cat":[1773,121],"product_tag":[],"class_list":{"0":"post-22326","1":"product","2":"type-product","3":"status-publish","4":"has-post-thumbnail","6":"product_cat-nueva-coleccion","7":"product_cat-velas","8":"pa_brand-paddywax","9":"pa_color-rojo","10":"pa_tamano-311g","12":"first","13":"instock","14":"taxable","15":"shipping-taxable","16":"purchasable","17":"product-type-simple"},"_links":{"self":[{"href":"https:\/\/elalmacendeloza.com\/en\/wp-json\/wp\/v2\/product\/22326","targetHints":{"allow":["GET"]}}],"collection":[{"href":"https:\/\/elalmacendeloza.com\/en\/wp-json\/wp\/v2\/product"}],"about":[{"href":"https:\/\/elalmacendeloza.com\/en\/wp-json\/wp\/v2\/types\/product"}],"replies":[{"embeddable":true,"href":"https:\/\/elalmacendeloza.com\/en\/wp-json\/wp\/v2\/comments?post=22326"}],"wp:featuredmedia":[{"embeddable":true,"href":"https:\/\/elalmacendeloza.com\/en\/wp-json\/wp\/v2\/media\/22327"}],"wp:attachment":[{"href":"https:\/\/elalmacendeloza.com\/en\/wp-json\/wp\/v2\/media?parent=22326"}],"wp:term":[{"taxonomy":"product_brand","embeddable":true,"href":"https:\/\/elalmacendeloza.com\/en\/wp-json\/wp\/v2\/product_brand?post=22326"},{"taxonomy":"product_cat","embeddable":true,"href":"https:\/\/elalmacendeloza.com\/en\/wp-json\/wp\/v2\/product_cat?post=22326"},{"taxonomy":"product_tag","embeddable":true,"href":"https:\/\/elalmacendeloza.com\/en\/wp-json\/wp\/v2\/product_tag?post=22326"}],"curies":[{"name":"wp","href":"https:\/\/api.w.org\/{rel}","templated":true}]}}