{"id":22340,"date":"2026-02-17T13:47:49","date_gmt":"2026-02-17T12:47:49","guid":{"rendered":"https:\/\/elalmacendeloza.com\/sin%20categor\u00eda\/cabana-vela-ceramica-rayas-naranjas\/"},"modified":"2026-03-23T12:03:08","modified_gmt":"2026-03-23T11:03:08","slug":"cabana-vela-ceramica-rayas-naranjas","status":"publish","type":"product","link":"https:\/\/elalmacendeloza.com\/en\/nueva-coleccion\/cabana-vela-ceramica-rayas-naranjas\/","title":{"rendered":"Cabana vela cer\u00e1mica rayas naranjas"},"content":{"rendered":"<div class=\"container-description\">\n<div class=\"description\">\n<h3 class=\"title-description\"> Velas colecci\u00f3n Cabana <\/h3>\n<p>Lleva a casa el esp\u00edritu de las fiestas con la vela cer\u00e1mica Cabana Spiced Apple. Presentada en un recipiente pintado a mano en tonos naranja y rojo, con tapa a juego, esta vela festiva combina la manzana crujiente con especias c\u00e1lidas para un aroma acogedor y nost\u00e1lgico. Una vez consumida, el tarro de cer\u00e1mica con tapa puede reutilizarse como contenedor decorativo o pieza de almacenaje.<\/p>\n<h3 class=\"title-description\"> Caracter\u00edsticas:  <\/h3>\n<p> Medida:7,5x9cm <\/p>\n<p>Material: cer\u00e1mica <\/p>\n<\/p><\/div>\n<div class=\"square\">\n<h3 class=\"title-description\">Spiced Apple: notas de manzana con especias<\/h3>\n<ul class=\"ul-square\">\n<li class=\"li-square\"> Notas de olor: mandarina, canela, lim\u00f3n, naranja.<\/li>\n<\/ul><\/div>\n<\/div>\n","protected":false},"excerpt":{"rendered":"<p><strong>Spiced Apple:<\/strong> notas de\u00a0<strong>manzana crujiente<\/strong> con <strong>especias c\u00e1lidas<\/strong><\/p>\n<p><strong><\/strong><\/p>\n<p><strong><\/strong><\/p>\n","protected":false},"featured_media":22341,"comment_status":"open","ping_status":"closed","template":"","meta":[],"product_brand":[],"product_cat":[1773,121],"product_tag":[],"class_list":{"0":"post-22340","1":"product","2":"type-product","3":"status-publish","4":"has-post-thumbnail","6":"product_cat-nueva-coleccion","7":"product_cat-velas","8":"pa_brand-paddywax","9":"pa_color-naranja","10":"pa_sa_tallas-unico","12":"first","13":"instock","14":"taxable","15":"shipping-taxable","16":"purchasable","17":"product-type-variable"},"_links":{"self":[{"href":"https:\/\/elalmacendeloza.com\/en\/wp-json\/wp\/v2\/product\/22340","targetHints":{"allow":["GET"]}}],"collection":[{"href":"https:\/\/elalmacendeloza.com\/en\/wp-json\/wp\/v2\/product"}],"about":[{"href":"https:\/\/elalmacendeloza.com\/en\/wp-json\/wp\/v2\/types\/product"}],"replies":[{"embeddable":true,"href":"https:\/\/elalmacendeloza.com\/en\/wp-json\/wp\/v2\/comments?post=22340"}],"wp:featuredmedia":[{"embeddable":true,"href":"https:\/\/elalmacendeloza.com\/en\/wp-json\/wp\/v2\/media\/22341"}],"wp:attachment":[{"href":"https:\/\/elalmacendeloza.com\/en\/wp-json\/wp\/v2\/media?parent=22340"}],"wp:term":[{"taxonomy":"product_brand","embeddable":true,"href":"https:\/\/elalmacendeloza.com\/en\/wp-json\/wp\/v2\/product_brand?post=22340"},{"taxonomy":"product_cat","embeddable":true,"href":"https:\/\/elalmacendeloza.com\/en\/wp-json\/wp\/v2\/product_cat?post=22340"},{"taxonomy":"product_tag","embeddable":true,"href":"https:\/\/elalmacendeloza.com\/en\/wp-json\/wp\/v2\/product_tag?post=22340"}],"curies":[{"name":"wp","href":"https:\/\/api.w.org\/{rel}","templated":true}]}}