{"id":22446,"date":"2026-02-25T14:45:41","date_gmt":"2026-02-25T13:45:41","guid":{"rendered":"https:\/\/elalmacendeloza.com\/sin categor\u00eda\/coctel-silk-road-toile-mandarin\/"},"modified":"2026-04-14T14:03:21","modified_gmt":"2026-04-14T12:03:21","slug":"coctel-silk-road-toile-mandarin","status":"publish","type":"product","link":"https:\/\/elalmacendeloza.com\/en\/nueva-coleccion\/coctel-silk-road-toile-mandarin\/","title":{"rendered":"Coctel- Silk Road Toile Mandarin"},"content":{"rendered":"<div class=\"container-description\">\n<div class=\"description\">\n<h3 class=\"title-description\">Servilletas de c\u00f3ctel papel <\/h3>\n<p> Servilletas de papel  tama\u00f1o c\u00f3ctel.Tienen mucha durabilidad dado a su triple capa de papel. Sus llamativos dise\u00f1os presentan obras de arte, dise\u00f1os de museos o colaboraciones de artistas de todo el mundo.<br \/>\nEst\u00e1n fabricadas con tejido blanqueado de tres capas sin cloro e impresas en Alemania con tinta no t\u00f3xica, a base de agua y apta para alimentos. Cuentan con la certificaci\u00f3n FSC y se fabrican con materias primas respetuosas con el medio ambiente, lo que garantiza que sean biodegradables y compostables. Incluyen 20 servilletas por paquete.\n<\/p>\n<p> Medida:12.7 x 12.7 cm cerradas, 25 x 25 cm abiertas  <\/p>\n<p>Material:Papel<\/p>\n<\/p><\/div>\n<div class=\"square\">\n<h3 class=\"title-description\">Cuidados<\/h3>\n<ul class=\"ul-square\">\n<li class=\"li-square\"> No son necesarios.<\/li><\/div>\n<\/div>\n","protected":false},"excerpt":{"rendered":"<p>20 unidades por paquete<\/p>\n","protected":false},"featured_media":22447,"comment_status":"open","ping_status":"closed","template":"","meta":[],"product_brand":[],"product_cat":[1773,606],"product_tag":[],"class_list":{"0":"post-22446","1":"product","2":"type-product","3":"status-publish","4":"has-post-thumbnail","6":"product_cat-nueva-coleccion","7":"product_cat-papel","8":"pa_brand-caspari","9":"pa_color-coral","10":"pa_tamano-coctel","12":"first","13":"instock","14":"taxable","15":"shipping-taxable","16":"purchasable","17":"product-type-simple"},"_links":{"self":[{"href":"https:\/\/elalmacendeloza.com\/en\/wp-json\/wp\/v2\/product\/22446","targetHints":{"allow":["GET"]}}],"collection":[{"href":"https:\/\/elalmacendeloza.com\/en\/wp-json\/wp\/v2\/product"}],"about":[{"href":"https:\/\/elalmacendeloza.com\/en\/wp-json\/wp\/v2\/types\/product"}],"replies":[{"embeddable":true,"href":"https:\/\/elalmacendeloza.com\/en\/wp-json\/wp\/v2\/comments?post=22446"}],"wp:featuredmedia":[{"embeddable":true,"href":"https:\/\/elalmacendeloza.com\/en\/wp-json\/wp\/v2\/media\/22447"}],"wp:attachment":[{"href":"https:\/\/elalmacendeloza.com\/en\/wp-json\/wp\/v2\/media?parent=22446"}],"wp:term":[{"taxonomy":"product_brand","embeddable":true,"href":"https:\/\/elalmacendeloza.com\/en\/wp-json\/wp\/v2\/product_brand?post=22446"},{"taxonomy":"product_cat","embeddable":true,"href":"https:\/\/elalmacendeloza.com\/en\/wp-json\/wp\/v2\/product_cat?post=22446"},{"taxonomy":"product_tag","embeddable":true,"href":"https:\/\/elalmacendeloza.com\/en\/wp-json\/wp\/v2\/product_tag?post=22446"}],"curies":[{"name":"wp","href":"https:\/\/api.w.org\/{rel}","templated":true}]}}