{"id":22777,"date":"2026-04-22T12:55:01","date_gmt":"2026-04-22T10:55:01","guid":{"rendered":"https:\/\/elalmacendeloza.com\/sin categor\u00eda\/vintage-taza-te-con-patas\/"},"modified":"2026-04-22T12:56:50","modified_gmt":"2026-04-22T10:56:50","slug":"vintage-taza-te-con-patas","status":"publish","type":"product","link":"https:\/\/elalmacendeloza.com\/en\/nueva-coleccion\/vintage-taza-te-con-patas\/","title":{"rendered":"Vintage &#8211; Taza t\u00e9 con patas"},"content":{"rendered":"","protected":false},"excerpt":{"rendered":"<p>El precioso dise\u00f1o del siglo XVIII presenta detallados paisajes y motivos rom\u00e1nticos en un solo color.\u00a0 La colecci\u00f3n vintage combina historia y elegancia con un toque moderno, convirti\u00e9ndose en la taza perfecta para disfrutar de un desayuno con mucha clase.\u00a0<\/p>\n<p><span>\u00d8:9, H:7 cm<\/span><\/p>\n<p><\/p>\n","protected":false},"featured_media":22778,"comment_status":"open","ping_status":"closed","template":"","meta":[],"product_brand":[],"product_cat":[1773,681],"product_tag":[],"class_list":{"0":"post-22777","1":"product","2":"type-product","3":"status-publish","4":"has-post-thumbnail","6":"product_cat-nueva-coleccion","7":"product_cat-tazas","8":"pa_brand-olso-jessen","9":"pa_color-azul","10":"pa_color-negro","11":"pa_color-rojo","12":"pa_tamano-300ml","14":"first","15":"instock","16":"taxable","17":"shipping-taxable","18":"purchasable","19":"product-type-variable"},"_links":{"self":[{"href":"https:\/\/elalmacendeloza.com\/en\/wp-json\/wp\/v2\/product\/22777","targetHints":{"allow":["GET"]}}],"collection":[{"href":"https:\/\/elalmacendeloza.com\/en\/wp-json\/wp\/v2\/product"}],"about":[{"href":"https:\/\/elalmacendeloza.com\/en\/wp-json\/wp\/v2\/types\/product"}],"replies":[{"embeddable":true,"href":"https:\/\/elalmacendeloza.com\/en\/wp-json\/wp\/v2\/comments?post=22777"}],"wp:featuredmedia":[{"embeddable":true,"href":"https:\/\/elalmacendeloza.com\/en\/wp-json\/wp\/v2\/media\/22778"}],"wp:attachment":[{"href":"https:\/\/elalmacendeloza.com\/en\/wp-json\/wp\/v2\/media?parent=22777"}],"wp:term":[{"taxonomy":"product_brand","embeddable":true,"href":"https:\/\/elalmacendeloza.com\/en\/wp-json\/wp\/v2\/product_brand?post=22777"},{"taxonomy":"product_cat","embeddable":true,"href":"https:\/\/elalmacendeloza.com\/en\/wp-json\/wp\/v2\/product_cat?post=22777"},{"taxonomy":"product_tag","embeddable":true,"href":"https:\/\/elalmacendeloza.com\/en\/wp-json\/wp\/v2\/product_tag?post=22777"}],"curies":[{"name":"wp","href":"https:\/\/api.w.org\/{rel}","templated":true}]}}