{"id":22790,"date":"2026-04-23T10:01:35","date_gmt":"2026-04-23T08:01:35","guid":{"rendered":"https:\/\/elalmacendeloza.com\/sin categor\u00eda\/candelabro-sybe-25cm\/"},"modified":"2026-04-23T10:01:49","modified_gmt":"2026-04-23T08:01:49","slug":"candelabro-sybe-25cm","status":"publish","type":"product","link":"https:\/\/elalmacendeloza.com\/en\/lightning\/chandeliers\/candelabro-sybe-25cm\/","title":{"rendered":"Candelabro Sybe 25cm"},"content":{"rendered":"<div class=\"container-description\">\n<div class=\"description\">\n<h3 class=\"title-description\"> Candelabro Sybe. <\/h3>\n<p> Los candelabros m\u00e1s elegantes de la temporada ya est\u00e1n aqui! Hechos en hierro con pintura de apariencia lacada tienen unos colores  oto\u00f1ales que llaman la atenci\u00f3n de lo bonitos que son.  Hay dos tama\u00f1os 25cm y de19cm y tres colores diferentes para mezclar.  <\/p>\n<h3 class=\"title-description\"> Caracter\u00edsticas:  <\/h3>\n<p> Medida: 8x25cm <\/p>\n<p>Material:Hierro <\/p>\n<\/p><\/div>\n<div class=\"square\">\n<h3 class=\"title-description\">Cuidados<\/h3>\n<ul class=\"ul-square\">\n<li class=\"li-square\"> lavar con un pa\u00f1o h\u00famedo<\/li>\n<\/ul><\/div>\n<\/div>\n","protected":false},"excerpt":{"rendered":"<p><span>\u00d88x alt25cm<\/span><\/p>\n<p><\/p>\n<p><\/p>\n<p><\/p>\n","protected":false},"featured_media":22791,"comment_status":"open","ping_status":"closed","template":"","meta":[],"product_brand":[],"product_cat":[118],"product_tag":[],"class_list":{"0":"post-22790","1":"product","2":"type-product","3":"status-publish","4":"has-post-thumbnail","6":"product_cat-candelabros","7":"pa_brand-cote-table","8":"pa_color-blanco","9":"pa_color-fresa","10":"pa_color-mostaza","11":"pa_tamano-25cm","13":"first","14":"instock","15":"taxable","16":"shipping-taxable","17":"purchasable","18":"product-type-variable"},"_links":{"self":[{"href":"https:\/\/elalmacendeloza.com\/en\/wp-json\/wp\/v2\/product\/22790","targetHints":{"allow":["GET"]}}],"collection":[{"href":"https:\/\/elalmacendeloza.com\/en\/wp-json\/wp\/v2\/product"}],"about":[{"href":"https:\/\/elalmacendeloza.com\/en\/wp-json\/wp\/v2\/types\/product"}],"replies":[{"embeddable":true,"href":"https:\/\/elalmacendeloza.com\/en\/wp-json\/wp\/v2\/comments?post=22790"}],"wp:featuredmedia":[{"embeddable":true,"href":"https:\/\/elalmacendeloza.com\/en\/wp-json\/wp\/v2\/media\/22791"}],"wp:attachment":[{"href":"https:\/\/elalmacendeloza.com\/en\/wp-json\/wp\/v2\/media?parent=22790"}],"wp:term":[{"taxonomy":"product_brand","embeddable":true,"href":"https:\/\/elalmacendeloza.com\/en\/wp-json\/wp\/v2\/product_brand?post=22790"},{"taxonomy":"product_cat","embeddable":true,"href":"https:\/\/elalmacendeloza.com\/en\/wp-json\/wp\/v2\/product_cat?post=22790"},{"taxonomy":"product_tag","embeddable":true,"href":"https:\/\/elalmacendeloza.com\/en\/wp-json\/wp\/v2\/product_tag?post=22790"}],"curies":[{"name":"wp","href":"https:\/\/api.w.org\/{rel}","templated":true}]}}